{"id":24,"date":"2016-05-22T09:06:29","date_gmt":"2016-05-22T08:06:29","guid":{"rendered":"http:\/\/192.168.169.76\/?page_id=24"},"modified":"2016-09-18T10:36:08","modified_gmt":"2016-09-18T09:36:08","slug":"kontakt","status":"publish","type":"page","link":"https:\/\/www.rubikon.si\/index.php\/kontakt\/","title":{"rendered":"KONTAKT"},"content":{"rendered":"<p><strong>Rubikon d.o.o<\/strong> Tr\u017ea\u0161ka cesta 24<\/p>\n<p>6230 Postojna<\/p>\n<p>tel: 05 726 56 60<\/p>\n<p>fax: 05 726 56 60<\/p>\n<p>Splo\u0161ne informacije:\u00a0 <a href=\"mailto:info@rubikon.si\">info@<\/a>rubikon.si<\/p>\n<p>Prodajne informacije: <a href=\"mailto:prodaja@rubikon.si\">prodaja@<\/a>rubikon.si<\/p>\n<p>Prijava napak: <a href=\"mailto:servis@rubikon.si\">servis@<\/a>rubikon.si<\/p>\n<p><strong>DELOVNI \u010cAS <\/strong>: Ponedeljek &#8211; Petek, od 8.00\u00a0: 16.00<\/p>\n","protected":false},"excerpt":{"rendered":"<p>Rubikon d.o.o Tr\u017ea\u0161ka cesta 24 6230 Postojna tel: 05 726 56 60 fax: 05 726 56 60 Splo\u0161ne informacije:\u00a0 info@rubikon.si Prodajne informacije: [&hellip;]<\/p>\n","protected":false},"author":1,"featured_media":0,"parent":0,"menu_order":0,"comment_status":"closed","ping_status":"closed","template":"","meta":{"footnotes":""},"class_list":["post-24","page","type-page","status-publish","hentry"],"_links":{"self":[{"href":"https:\/\/www.rubikon.si\/index.php\/wp-json\/wp\/v2\/pages\/24","targetHints":{"allow":["GET"]}}],"collection":[{"href":"https:\/\/www.rubikon.si\/index.php\/wp-json\/wp\/v2\/pages"}],"about":[{"href":"https:\/\/www.rubikon.si\/index.php\/wp-json\/wp\/v2\/types\/page"}],"author":[{"embeddable":true,"href":"https:\/\/www.rubikon.si\/index.php\/wp-json\/wp\/v2\/users\/1"}],"replies":[{"embeddable":true,"href":"https:\/\/www.rubikon.si\/index.php\/wp-json\/wp\/v2\/comments?post=24"}],"version-history":[{"count":4,"href":"https:\/\/www.rubikon.si\/index.php\/wp-json\/wp\/v2\/pages\/24\/revisions"}],"predecessor-version":[{"id":116,"href":"https:\/\/www.rubikon.si\/index.php\/wp-json\/wp\/v2\/pages\/24\/revisions\/116"}],"wp:attachment":[{"href":"https:\/\/www.rubikon.si\/index.php\/wp-json\/wp\/v2\/media?parent=24"}],"curies":[{"name":"wp","href":"https:\/\/api.w.org\/{rel}","templated":true}]}}