{"id":242,"date":"2020-07-16T10:40:44","date_gmt":"2020-07-16T09:40:44","guid":{"rendered":"http:\/\/www.rubikon.si\/?page_id=242"},"modified":"2020-07-16T10:40:44","modified_gmt":"2020-07-16T09:40:44","slug":"varstvo-osebnih-podatkov","status":"publish","type":"page","link":"https:\/\/www.rubikon.si\/index.php\/varstvo-osebnih-podatkov\/","title":{"rendered":"Varstvo osebnih podatkov"},"content":{"rendered":"<p>Osebni podatki, poslani na katerega od kontaktnih naslovov podjetja Rubikon d.o.o. bodo uporabljeni izklju\u010dno za namen, zaradi katerega nas kontaktirate. V primeru povpra\u0161evanja po ponudbi, bodo va\u0161i podatki shranjeni v na\u0161i podatkovni bazi za namen izdelave ponudbe, oz. v primeru nakupa na\u0161ega blaga ali storitev za obdobje, kot ga predpisuje zakonodaja. Osebni podatki ne bodo uporabljeni za promocijska sporo\u010dila, nadaljnjo obdelavo ali posredovani tretji osebi.<\/p>\n","protected":false},"excerpt":{"rendered":"<p>Osebni podatki, poslani na katerega od kontaktnih naslovov podjetja Rubikon d.o.o. bodo uporabljeni izklju\u010dno za namen, zaradi katerega nas kontaktirate. V primeru [&hellip;]<\/p>\n","protected":false},"author":1,"featured_media":0,"parent":0,"menu_order":0,"comment_status":"closed","ping_status":"closed","template":"","meta":{"footnotes":""},"class_list":["post-242","page","type-page","status-publish","hentry"],"_links":{"self":[{"href":"https:\/\/www.rubikon.si\/index.php\/wp-json\/wp\/v2\/pages\/242","targetHints":{"allow":["GET"]}}],"collection":[{"href":"https:\/\/www.rubikon.si\/index.php\/wp-json\/wp\/v2\/pages"}],"about":[{"href":"https:\/\/www.rubikon.si\/index.php\/wp-json\/wp\/v2\/types\/page"}],"author":[{"embeddable":true,"href":"https:\/\/www.rubikon.si\/index.php\/wp-json\/wp\/v2\/users\/1"}],"replies":[{"embeddable":true,"href":"https:\/\/www.rubikon.si\/index.php\/wp-json\/wp\/v2\/comments?post=242"}],"version-history":[{"count":1,"href":"https:\/\/www.rubikon.si\/index.php\/wp-json\/wp\/v2\/pages\/242\/revisions"}],"predecessor-version":[{"id":244,"href":"https:\/\/www.rubikon.si\/index.php\/wp-json\/wp\/v2\/pages\/242\/revisions\/244"}],"wp:attachment":[{"href":"https:\/\/www.rubikon.si\/index.php\/wp-json\/wp\/v2\/media?parent=242"}],"curies":[{"name":"wp","href":"https:\/\/api.w.org\/{rel}","templated":true}]}}