{"id":257,"date":"2021-02-10T11:38:29","date_gmt":"2021-02-10T10:38:29","guid":{"rendered":"http:\/\/www.rubikon.si\/?page_id=257"},"modified":"2021-02-10T11:44:22","modified_gmt":"2021-02-10T10:44:22","slug":"zaposlitev","status":"publish","type":"page","link":"https:\/\/www.rubikon.si\/index.php\/zaposlitev\/","title":{"rendered":"ZAPOSLITEV"},"content":{"rendered":"<p>Delovno mesto: Sistemski administrator (M\/\u017d)<\/p>\n<p>Opis del: Vzdr\u017eevanje informacijskih sistemov naro\u010dnikov, mre\u017ene komunikacijske infrastrukture, varnostnih re\u0161itev. Glavni poudarek bo na Linux stre\u017enikih sistemih, konfiguraciji in vzdr\u017eevanju po\u017earnih pregrad in aktivnih komponent LAN omre\u017eij.<\/p>\n<p>Zahtevana izobrazba: Najmanj visoko\u0161olska izobrazba smeri informacijske in komunikacijske tehnologije (IKT).<\/p>\n<p>Zahtevan je vozni\u0161ki izpit kategorije B in lasten prevoz.<\/p>\n<p>Delovno mesto se razpisuje za nedolo\u010den \u010das s \u0161estmese\u010dnim poskusnim delom.<\/p>\n<p>Prijave sprejemamo po e-po\u0161ti na naslov <a href=\"mailto:info@rubikon.si\">info@rubikon.si<\/a><\/p>\n<p>&nbsp;<\/p>\n","protected":false},"excerpt":{"rendered":"<p>Delovno mesto: Sistemski administrator (M\/\u017d) Opis del: Vzdr\u017eevanje informacijskih sistemov naro\u010dnikov, mre\u017ene komunikacijske infrastrukture, varnostnih re\u0161itev. Glavni poudarek bo na Linux stre\u017enikih [&hellip;]<\/p>\n","protected":false},"author":1,"featured_media":0,"parent":0,"menu_order":0,"comment_status":"closed","ping_status":"closed","template":"","meta":{"footnotes":""},"class_list":["post-257","page","type-page","status-publish","hentry"],"_links":{"self":[{"href":"https:\/\/www.rubikon.si\/index.php\/wp-json\/wp\/v2\/pages\/257","targetHints":{"allow":["GET"]}}],"collection":[{"href":"https:\/\/www.rubikon.si\/index.php\/wp-json\/wp\/v2\/pages"}],"about":[{"href":"https:\/\/www.rubikon.si\/index.php\/wp-json\/wp\/v2\/types\/page"}],"author":[{"embeddable":true,"href":"https:\/\/www.rubikon.si\/index.php\/wp-json\/wp\/v2\/users\/1"}],"replies":[{"embeddable":true,"href":"https:\/\/www.rubikon.si\/index.php\/wp-json\/wp\/v2\/comments?post=257"}],"version-history":[{"count":2,"href":"https:\/\/www.rubikon.si\/index.php\/wp-json\/wp\/v2\/pages\/257\/revisions"}],"predecessor-version":[{"id":263,"href":"https:\/\/www.rubikon.si\/index.php\/wp-json\/wp\/v2\/pages\/257\/revisions\/263"}],"wp:attachment":[{"href":"https:\/\/www.rubikon.si\/index.php\/wp-json\/wp\/v2\/media?parent=257"}],"curies":[{"name":"wp","href":"https:\/\/api.w.org\/{rel}","templated":true}]}}