{"id":32,"date":"2016-05-22T17:45:35","date_gmt":"2016-05-22T16:45:35","guid":{"rendered":"http:\/\/192.168.169.76\/?page_id=32"},"modified":"2016-05-22T17:45:35","modified_gmt":"2016-05-22T16:45:35","slug":"produkti","status":"publish","type":"page","link":"https:\/\/www.rubikon.si\/index.php\/produkti\/","title":{"rendered":"PRODUKTI"},"content":{"rendered":"<p>Rubikon d.o.o. se \u017ee vrsto let ukvarja z proizvodnjo, servisom in storitvami na podro\u010dju ra\u010dunalni\u0161tva.<\/p>\n","protected":false},"excerpt":{"rendered":"<p>Rubikon d.o.o. se \u017ee vrsto let ukvarja z proizvodnjo, servisom in storitvami na podro\u010dju ra\u010dunalni\u0161tva.<\/p>\n","protected":false},"author":1,"featured_media":0,"parent":0,"menu_order":0,"comment_status":"closed","ping_status":"closed","template":"","meta":{"footnotes":""},"class_list":["post-32","page","type-page","status-publish","hentry"],"_links":{"self":[{"href":"https:\/\/www.rubikon.si\/index.php\/wp-json\/wp\/v2\/pages\/32","targetHints":{"allow":["GET"]}}],"collection":[{"href":"https:\/\/www.rubikon.si\/index.php\/wp-json\/wp\/v2\/pages"}],"about":[{"href":"https:\/\/www.rubikon.si\/index.php\/wp-json\/wp\/v2\/types\/page"}],"author":[{"embeddable":true,"href":"https:\/\/www.rubikon.si\/index.php\/wp-json\/wp\/v2\/users\/1"}],"replies":[{"embeddable":true,"href":"https:\/\/www.rubikon.si\/index.php\/wp-json\/wp\/v2\/comments?post=32"}],"version-history":[{"count":1,"href":"https:\/\/www.rubikon.si\/index.php\/wp-json\/wp\/v2\/pages\/32\/revisions"}],"predecessor-version":[{"id":34,"href":"https:\/\/www.rubikon.si\/index.php\/wp-json\/wp\/v2\/pages\/32\/revisions\/34"}],"wp:attachment":[{"href":"https:\/\/www.rubikon.si\/index.php\/wp-json\/wp\/v2\/media?parent=32"}],"curies":[{"name":"wp","href":"https:\/\/api.w.org\/{rel}","templated":true}]}}