{"id":35,"date":"2016-05-22T17:46:20","date_gmt":"2016-05-22T16:46:20","guid":{"rendered":"http:\/\/192.168.169.76\/?page_id=35"},"modified":"2018-04-14T21:15:54","modified_gmt":"2018-04-14T20:15:54","slug":"osebni-racunalniki","status":"publish","type":"page","link":"https:\/\/www.rubikon.si\/index.php\/osebni-racunalniki\/","title":{"rendered":"OSEBNI RA\u010cUNALNIKI"},"content":{"rendered":"<p><span style=\"font-size: small;\">Prodajamo\u00a0 zanesljive osebne \u00a0in prenosne ra\u010dunalnike<\/span><\/p>\n<p><span style=\"font-size: small;\">proizvajalcev <strong>Lenovo in Hp<\/strong><\/span><\/p>\n<p><span style=\"font-size: small;\">Na voljo je tudi pester izbor ra\u010dunalni\u0161kih komponent in dodatkov.<\/span><\/p>\n<p>&nbsp;<\/p>\n<p>&nbsp;<\/p>\n<p><img loading=\"lazy\" decoding=\"async\" class=\"alignnone size-medium wp-image-202\" src=\"http:\/\/www.rubikon.si\/wp-content\/uploads\/2018\/04\/lenovo-thinkcentre-m910-tiny-desktop-pc-with-intel-core-i7-7700-processor-processor-8gb-memory-1tb-hard-drive-plus-16gb-ssd-and-windows-10-pro-64-bit-monitor-not-included-240x300.jpg\" alt=\"\" width=\"240\" height=\"300\" srcset=\"https:\/\/www.rubikon.si\/wp-content\/uploads\/2018\/04\/lenovo-thinkcentre-m910-tiny-desktop-pc-with-intel-core-i7-7700-processor-processor-8gb-memory-1tb-hard-drive-plus-16gb-ssd-and-windows-10-pro-64-bit-monitor-not-included-240x300.jpg 240w, https:\/\/www.rubikon.si\/wp-content\/uploads\/2018\/04\/lenovo-thinkcentre-m910-tiny-desktop-pc-with-intel-core-i7-7700-processor-processor-8gb-memory-1tb-hard-drive-plus-16gb-ssd-and-windows-10-pro-64-bit-monitor-not-included.jpg 320w, https:\/\/www.rubikon.si\/wp-content\/uploads\/2018\/04\/lenovo-thinkcentre-m910-tiny-desktop-pc-with-intel-core-i7-7700-processor-processor-8gb-memory-1tb-hard-drive-plus-16gb-ssd-and-windows-10-pro-64-bit-monitor-not-included-230x288.jpg 230w\" sizes=\"auto, (max-width: 240px) 100vw, 240px\" \/><\/p>\n","protected":false},"excerpt":{"rendered":"<p>Prodajamo\u00a0 zanesljive osebne \u00a0in prenosne ra\u010dunalnike proizvajalcev Lenovo in Hp Na voljo je tudi pester izbor ra\u010dunalni\u0161kih komponent in dodatkov. &nbsp; &nbsp;<\/p>\n","protected":false},"author":1,"featured_media":0,"parent":0,"menu_order":0,"comment_status":"closed","ping_status":"closed","template":"","meta":{"footnotes":""},"class_list":["post-35","page","type-page","status-publish","hentry"],"_links":{"self":[{"href":"https:\/\/www.rubikon.si\/index.php\/wp-json\/wp\/v2\/pages\/35","targetHints":{"allow":["GET"]}}],"collection":[{"href":"https:\/\/www.rubikon.si\/index.php\/wp-json\/wp\/v2\/pages"}],"about":[{"href":"https:\/\/www.rubikon.si\/index.php\/wp-json\/wp\/v2\/types\/page"}],"author":[{"embeddable":true,"href":"https:\/\/www.rubikon.si\/index.php\/wp-json\/wp\/v2\/users\/1"}],"replies":[{"embeddable":true,"href":"https:\/\/www.rubikon.si\/index.php\/wp-json\/wp\/v2\/comments?post=35"}],"version-history":[{"count":3,"href":"https:\/\/www.rubikon.si\/index.php\/wp-json\/wp\/v2\/pages\/35\/revisions"}],"predecessor-version":[{"id":203,"href":"https:\/\/www.rubikon.si\/index.php\/wp-json\/wp\/v2\/pages\/35\/revisions\/203"}],"wp:attachment":[{"href":"https:\/\/www.rubikon.si\/index.php\/wp-json\/wp\/v2\/media?parent=35"}],"curies":[{"name":"wp","href":"https:\/\/api.w.org\/{rel}","templated":true}]}}