{"id":38,"date":"2016-05-22T17:48:22","date_gmt":"2016-05-22T16:48:22","guid":{"rendered":"http:\/\/192.168.169.76\/?page_id=38"},"modified":"2018-04-20T20:46:39","modified_gmt":"2018-04-20T19:46:39","slug":"omrezja","status":"publish","type":"page","link":"https:\/\/www.rubikon.si\/index.php\/omrezja\/","title":{"rendered":"OMRE\u017dJA"},"content":{"rendered":"<p>&nbsp;<\/p>\n<p><strong>LAN : <\/strong> uporaba pametnih stikal omogo\u010da nadzor nad prometom, lo\u010devanje segmentov (VLAN), izpis statistike prometa, iskanje napak na omre\u017eju.\u00a0Z uporabo brez\u017ei\u010dnih dostopnih to\u010dk (<strong>WIFI AP<\/strong>) raz\u0161irimo Lan omre\u017eje na prostor kjer ni o\u017ei\u010denja. Z uporabo primernih AP naprav je mo\u017eno VLAN tehnologijo raz\u0161iriti tudi na brez\u017ei\u010dno infrastrukturo. Tako se v podjetju na isti AP lahko povezujejo uporabniki razli\u010dnih profilov in dostopajo do njim dovoljenih resursov. Primer je uporaba AP za goste, ki imajo \u00a0dostop le do interneta in dostop za zaposlene, ki dostopajo tudi do LAN resursov.<\/p>\n<p>&nbsp;<\/p>\n<p><strong>WAN : <\/strong>varen dostop do interneta,\u00a0selektivni \u00a0dostop do lokalnih virov\u00a0 (web stre\u017enik, po\u0161tni stre\u017enik)<\/p>\n<p>&nbsp;<\/p>\n<p><strong>VPN : omogo\u010da <\/strong>varen (\u0161ifriran) \u00a0oddaljeni dostop do lokalnih resursov (oddaljeno delo od doma&#8230;)<\/p>\n<p><img loading=\"lazy\" decoding=\"async\" class=\"wp-image-233 size-medium alignleft\" src=\"http:\/\/www.rubikon.si\/wp-content\/uploads\/2018\/04\/wgrd_logo_clr-300x86.jpeg\" alt=\"\" width=\"300\" height=\"86\" srcset=\"https:\/\/www.rubikon.si\/wp-content\/uploads\/2018\/04\/wgrd_logo_clr-300x86.jpeg 300w, https:\/\/www.rubikon.si\/wp-content\/uploads\/2018\/04\/wgrd_logo_clr-230x66.jpeg 230w, https:\/\/www.rubikon.si\/wp-content\/uploads\/2018\/04\/wgrd_logo_clr-350x100.jpeg 350w, https:\/\/www.rubikon.si\/wp-content\/uploads\/2018\/04\/wgrd_logo_clr-480x138.jpeg 480w, https:\/\/www.rubikon.si\/wp-content\/uploads\/2018\/04\/wgrd_logo_clr.jpeg 530w\" sizes=\"auto, (max-width: 300px) 100vw, 300px\" \/> <img loading=\"lazy\" decoding=\"async\" class=\"alignnone wp-image-229\" src=\"http:\/\/www.rubikon.si\/wp-content\/uploads\/2018\/04\/download.png\" alt=\"\" width=\"173\" height=\"99\" \/> <img loading=\"lazy\" decoding=\"async\" class=\"alignnone wp-image-230\" src=\"http:\/\/www.rubikon.si\/wp-content\/uploads\/2018\/04\/hplogo.png\" alt=\"\" width=\"100\" height=\"100\" \/> <img loading=\"lazy\" decoding=\"async\" class=\"alignleft wp-image-231\" src=\"http:\/\/www.rubikon.si\/wp-content\/uploads\/2018\/04\/mikrotik-150x150.png\" alt=\"\" width=\"116\" height=\"100\" srcset=\"https:\/\/www.rubikon.si\/wp-content\/uploads\/2018\/04\/mikrotik-300x259.png 300w, https:\/\/www.rubikon.si\/wp-content\/uploads\/2018\/04\/mikrotik-230x199.png 230w, https:\/\/www.rubikon.si\/wp-content\/uploads\/2018\/04\/mikrotik-350x302.png 350w, https:\/\/www.rubikon.si\/wp-content\/uploads\/2018\/04\/mikrotik-480x414.png 480w, https:\/\/www.rubikon.si\/wp-content\/uploads\/2018\/04\/mikrotik.png 600w\" sizes=\"auto, (max-width: 116px) 100vw, 116px\" \/> <img loading=\"lazy\" decoding=\"async\" class=\"alignleft wp-image-227\" src=\"http:\/\/www.rubikon.si\/wp-content\/uploads\/2018\/04\/3-ubiquiti-networks-alternate-logo-cmyk.jpg\" alt=\"\" width=\"109\" height=\"100\" \/><\/p>\n","protected":false},"excerpt":{"rendered":"<p>&nbsp; LAN : uporaba pametnih stikal omogo\u010da nadzor nad prometom, lo\u010devanje segmentov (VLAN), izpis statistike prometa, iskanje napak na omre\u017eju.\u00a0Z uporabo brez\u017ei\u010dnih [&hellip;]<\/p>\n","protected":false},"author":1,"featured_media":0,"parent":0,"menu_order":0,"comment_status":"closed","ping_status":"closed","template":"","meta":{"footnotes":""},"class_list":["post-38","page","type-page","status-publish","hentry"],"_links":{"self":[{"href":"https:\/\/www.rubikon.si\/index.php\/wp-json\/wp\/v2\/pages\/38","targetHints":{"allow":["GET"]}}],"collection":[{"href":"https:\/\/www.rubikon.si\/index.php\/wp-json\/wp\/v2\/pages"}],"about":[{"href":"https:\/\/www.rubikon.si\/index.php\/wp-json\/wp\/v2\/types\/page"}],"author":[{"embeddable":true,"href":"https:\/\/www.rubikon.si\/index.php\/wp-json\/wp\/v2\/users\/1"}],"replies":[{"embeddable":true,"href":"https:\/\/www.rubikon.si\/index.php\/wp-json\/wp\/v2\/comments?post=38"}],"version-history":[{"count":4,"href":"https:\/\/www.rubikon.si\/index.php\/wp-json\/wp\/v2\/pages\/38\/revisions"}],"predecessor-version":[{"id":235,"href":"https:\/\/www.rubikon.si\/index.php\/wp-json\/wp\/v2\/pages\/38\/revisions\/235"}],"wp:attachment":[{"href":"https:\/\/www.rubikon.si\/index.php\/wp-json\/wp\/v2\/media?parent=38"}],"curies":[{"name":"wp","href":"https:\/\/api.w.org\/{rel}","templated":true}]}}