{"id":41,"date":"2016-05-22T17:49:24","date_gmt":"2016-05-22T16:49:24","guid":{"rendered":"http:\/\/192.168.169.76\/?page_id=41"},"modified":"2016-10-18T20:50:01","modified_gmt":"2016-10-18T19:50:01","slug":"strezniki","status":"publish","type":"page","link":"https:\/\/www.rubikon.si\/index.php\/strezniki\/","title":{"rendered":"STRE\u017dNIKI"},"content":{"rendered":"<p><strong>Stre\u017enike konfiguriramo na zanesljivi strojni opremi, ve\u010dinoma proizvajalcev IBM in HP<\/strong>.<\/p>\n<p>Podporo nudimo za<strong> Microsoft<\/strong> in<strong> Linux <\/strong>operacijske sisteme (Suse, CentOS).<\/p>\n<p>Datote\u010dni stre\u017eniki<\/p>\n<p>Po\u0161tni stre\u017enik (Exchange, <a href=\"http:\/\/www.rubikon.si\/index.php\/postni-streznik-linux\/\">Sendmail<\/a>)<\/p>\n<p>Podatkovni stre\u017enik<\/p>\n<p>Web Proxy Stre\u017enik(ISA, Squid)<\/p>\n<p>Web stre\u017enik (IIS, Apache)<\/p>\n<p>Backup Stre\u017enik<\/p>\n","protected":false},"excerpt":{"rendered":"<p>Stre\u017enike konfiguriramo na zanesljivi strojni opremi, ve\u010dinoma proizvajalcev IBM in HP. Podporo nudimo za Microsoft in Linux operacijske sisteme (Suse, CentOS). Datote\u010dni [&hellip;]<\/p>\n","protected":false},"author":1,"featured_media":0,"parent":0,"menu_order":0,"comment_status":"closed","ping_status":"closed","template":"","meta":{"footnotes":""},"class_list":["post-41","page","type-page","status-publish","hentry"],"_links":{"self":[{"href":"https:\/\/www.rubikon.si\/index.php\/wp-json\/wp\/v2\/pages\/41","targetHints":{"allow":["GET"]}}],"collection":[{"href":"https:\/\/www.rubikon.si\/index.php\/wp-json\/wp\/v2\/pages"}],"about":[{"href":"https:\/\/www.rubikon.si\/index.php\/wp-json\/wp\/v2\/types\/page"}],"author":[{"embeddable":true,"href":"https:\/\/www.rubikon.si\/index.php\/wp-json\/wp\/v2\/users\/1"}],"replies":[{"embeddable":true,"href":"https:\/\/www.rubikon.si\/index.php\/wp-json\/wp\/v2\/comments?post=41"}],"version-history":[{"count":3,"href":"https:\/\/www.rubikon.si\/index.php\/wp-json\/wp\/v2\/pages\/41\/revisions"}],"predecessor-version":[{"id":126,"href":"https:\/\/www.rubikon.si\/index.php\/wp-json\/wp\/v2\/pages\/41\/revisions\/126"}],"wp:attachment":[{"href":"https:\/\/www.rubikon.si\/index.php\/wp-json\/wp\/v2\/media?parent=41"}],"curies":[{"name":"wp","href":"https:\/\/api.w.org\/{rel}","templated":true}]}}