{"id":44,"date":"2016-05-22T17:51:37","date_gmt":"2016-05-22T16:51:37","guid":{"rendered":"http:\/\/192.168.169.76\/?page_id=44"},"modified":"2018-04-17T09:13:23","modified_gmt":"2018-04-17T08:13:23","slug":"postni-streznik-linux","status":"publish","type":"page","link":"https:\/\/www.rubikon.si\/index.php\/postni-streznik-linux\/","title":{"rendered":"Po\u0161tni stre\u017enik LINUX"},"content":{"rendered":"<p>&nbsp;<\/p>\n<p><span style=\"font-size: small;\">Uporabljen je standardni program <strong>sendmail<\/strong>, ki slovi po robustnem in zanesljivem delovanju. <\/span><\/p>\n<p><span style=\"font-size: small;\">Dodani so antivirusni programi, odprtokodni in pla\u010dljivi, ki pregledajo vsako po\u0161tno sporo\u010dilo preden je sprejeto na stre\u017enik oz. oddano iz stre\u017enika. Antivirusni program je samodejno a\u017euriran z najnovej\u0161imi opisi virusov.<\/span><\/p>\n<p><span style=\"font-size: small;\">Uporabljen je kvaliteten <strong>antispam<\/strong> program, z mno\u017eico nastavitev, ki omogo\u010dajo prilagoditev delovanja programa zahtevam posamezne\u00a0 stranke.<\/span><\/p>\n<p><span style=\"font-size: small;\">Po\u0161tna sporo\u010dila so uporabniku dosegljiva po <strong>pop3<\/strong>\u00a0 in\u00a0<strong> imap<\/strong> protokolu. Pri novej\u0161em Imap protokolu ostajajo sporo\u010dila na stre\u017eniku tako, da je po\u0161ta\u00a0 uporabniku vedno dosegljiva v celoti ne glede na njegovo lokacijo oz. ra\u010dunalnik. Pregledujemo jo lahko z mobilnimi telefoni, ra\u010dunalniki oz. s pomo\u010djo internet brskalnika (webmail). Poleg tega imap omogo\u010da centralno kopiranje po\u0161tnih predalov na stre\u017eniku.<\/span><\/p>\n<p>&nbsp;<\/p>\n<p><span style=\"font-size: small;\">\u0160tevilo in velikost po\u0161tnih predalov je lahko <strong>brez omejitev<\/strong>.<\/span><\/p>\n<p>&nbsp;<\/p>\n","protected":false},"excerpt":{"rendered":"<p>&nbsp; Uporabljen je standardni program sendmail, ki slovi po robustnem in zanesljivem delovanju. Dodani so antivirusni programi, odprtokodni in pla\u010dljivi, ki pregledajo [&hellip;]<\/p>\n","protected":false},"author":1,"featured_media":0,"parent":0,"menu_order":0,"comment_status":"closed","ping_status":"closed","template":"","meta":{"footnotes":""},"class_list":["post-44","page","type-page","status-publish","hentry"],"_links":{"self":[{"href":"https:\/\/www.rubikon.si\/index.php\/wp-json\/wp\/v2\/pages\/44","targetHints":{"allow":["GET"]}}],"collection":[{"href":"https:\/\/www.rubikon.si\/index.php\/wp-json\/wp\/v2\/pages"}],"about":[{"href":"https:\/\/www.rubikon.si\/index.php\/wp-json\/wp\/v2\/types\/page"}],"author":[{"embeddable":true,"href":"https:\/\/www.rubikon.si\/index.php\/wp-json\/wp\/v2\/users\/1"}],"replies":[{"embeddable":true,"href":"https:\/\/www.rubikon.si\/index.php\/wp-json\/wp\/v2\/comments?post=44"}],"version-history":[{"count":3,"href":"https:\/\/www.rubikon.si\/index.php\/wp-json\/wp\/v2\/pages\/44\/revisions"}],"predecessor-version":[{"id":222,"href":"https:\/\/www.rubikon.si\/index.php\/wp-json\/wp\/v2\/pages\/44\/revisions\/222"}],"wp:attachment":[{"href":"https:\/\/www.rubikon.si\/index.php\/wp-json\/wp\/v2\/media?parent=44"}],"curies":[{"name":"wp","href":"https:\/\/api.w.org\/{rel}","templated":true}]}}