{"id":50,"date":"2016-05-22T17:54:25","date_gmt":"2016-05-22T16:54:25","guid":{"rendered":"http:\/\/192.168.169.76\/?page_id=50"},"modified":"2016-05-22T17:54:25","modified_gmt":"2016-05-22T16:54:25","slug":"storitve","status":"publish","type":"page","link":"https:\/\/www.rubikon.si\/index.php\/storitve\/","title":{"rendered":"STORITVE"},"content":{"rendered":"<p><span style=\"font-family: verdana,geneva; font-size: small;\">Na\u0161im partnerjem nudimo kvalitetne storitve, ki so plod ve\u010d kot dvajsetletnih izku\u0161enj pri delu z informacijskimi sistemi. V grobem, lahko na\u0161o ponudbo storitev razdelimo v tri sklope<\/span><\/p>\n","protected":false},"excerpt":{"rendered":"<p>Na\u0161im partnerjem nudimo kvalitetne storitve, ki so plod ve\u010d kot dvajsetletnih izku\u0161enj pri delu z informacijskimi sistemi. V grobem, lahko na\u0161o ponudbo [&hellip;]<\/p>\n","protected":false},"author":1,"featured_media":0,"parent":0,"menu_order":0,"comment_status":"closed","ping_status":"closed","template":"","meta":{"footnotes":""},"class_list":["post-50","page","type-page","status-publish","hentry"],"_links":{"self":[{"href":"https:\/\/www.rubikon.si\/index.php\/wp-json\/wp\/v2\/pages\/50","targetHints":{"allow":["GET"]}}],"collection":[{"href":"https:\/\/www.rubikon.si\/index.php\/wp-json\/wp\/v2\/pages"}],"about":[{"href":"https:\/\/www.rubikon.si\/index.php\/wp-json\/wp\/v2\/types\/page"}],"author":[{"embeddable":true,"href":"https:\/\/www.rubikon.si\/index.php\/wp-json\/wp\/v2\/users\/1"}],"replies":[{"embeddable":true,"href":"https:\/\/www.rubikon.si\/index.php\/wp-json\/wp\/v2\/comments?post=50"}],"version-history":[{"count":1,"href":"https:\/\/www.rubikon.si\/index.php\/wp-json\/wp\/v2\/pages\/50\/revisions"}],"predecessor-version":[{"id":52,"href":"https:\/\/www.rubikon.si\/index.php\/wp-json\/wp\/v2\/pages\/50\/revisions\/52"}],"wp:attachment":[{"href":"https:\/\/www.rubikon.si\/index.php\/wp-json\/wp\/v2\/media?parent=50"}],"curies":[{"name":"wp","href":"https:\/\/api.w.org\/{rel}","templated":true}]}}