{"id":53,"date":"2016-05-22T17:54:53","date_gmt":"2016-05-22T16:54:53","guid":{"rendered":"http:\/\/192.168.169.76\/?page_id=53"},"modified":"2016-05-22T17:54:53","modified_gmt":"2016-05-22T16:54:53","slug":"svetovanje","status":"publish","type":"page","link":"https:\/\/www.rubikon.si\/index.php\/svetovanje\/","title":{"rendered":"SVETOVANJE"},"content":{"rendered":"<p><span style=\"font-family: verdana,geneva;\">V sodobnem svetu smo pri\u010da nenehnim spremembam, ki se dogajajo vedno hitreje. V poslu se vedno odpirajo nove prilo\u017enosti, vendar so okna prilo\u017enosti vedno kraj\u0161a, zato je izrednega pomena, da poslovni procesi v podjetju potekajo na na\u010din, ki omogo\u010da prepoznavo prilo\u017enosti in hiter odziv. Veliko vlogo pri tem igra informacijska podpora. Koli\u010dine podatkov nara\u0161\u010dajo eksponentno in le kvalitetna oprema in znanje nam omogo\u010data, da iz mno\u017eice izlu\u0161\u010dimo bistvene informacije, ki nam pomagajo pri odlo\u010danju.<\/span><\/p>\n<p><span style=\"font-family: verdana,geneva;\">\u010ce se v podjetju sre\u010dujete s te\u017eavami v delovanju IT, povezavo IT z va\u0161imi poslovnimi procesi, problemi z zanesljivostjo delovanja, varstva podatkov,&#8230;, vam lahko ponudimo na\u0161e bogate izku\u0161nje s podro\u010dja optimizacije informacijskih sistemov. Pripravili vam bomo analizo stanja in predloge za re\u0161itev situacije. Na podlagi izhodi\u0161\u010d bomo nato skupaj z vami poiskali najoptimalnej\u0161o re\u0161itev, ki bo pove\u010dala zanesljivost in odzivnost informacijskega sistema, zagotovila ustrezno varnost in dolgoro\u010dno stabilnost.<\/span><\/p>\n","protected":false},"excerpt":{"rendered":"<p>V sodobnem svetu smo pri\u010da nenehnim spremembam, ki se dogajajo vedno hitreje. V poslu se vedno odpirajo nove prilo\u017enosti, vendar so okna [&hellip;]<\/p>\n","protected":false},"author":1,"featured_media":0,"parent":0,"menu_order":0,"comment_status":"closed","ping_status":"closed","template":"","meta":{"footnotes":""},"class_list":["post-53","page","type-page","status-publish","hentry"],"_links":{"self":[{"href":"https:\/\/www.rubikon.si\/index.php\/wp-json\/wp\/v2\/pages\/53","targetHints":{"allow":["GET"]}}],"collection":[{"href":"https:\/\/www.rubikon.si\/index.php\/wp-json\/wp\/v2\/pages"}],"about":[{"href":"https:\/\/www.rubikon.si\/index.php\/wp-json\/wp\/v2\/types\/page"}],"author":[{"embeddable":true,"href":"https:\/\/www.rubikon.si\/index.php\/wp-json\/wp\/v2\/users\/1"}],"replies":[{"embeddable":true,"href":"https:\/\/www.rubikon.si\/index.php\/wp-json\/wp\/v2\/comments?post=53"}],"version-history":[{"count":1,"href":"https:\/\/www.rubikon.si\/index.php\/wp-json\/wp\/v2\/pages\/53\/revisions"}],"predecessor-version":[{"id":55,"href":"https:\/\/www.rubikon.si\/index.php\/wp-json\/wp\/v2\/pages\/53\/revisions\/55"}],"wp:attachment":[{"href":"https:\/\/www.rubikon.si\/index.php\/wp-json\/wp\/v2\/media?parent=53"}],"curies":[{"name":"wp","href":"https:\/\/api.w.org\/{rel}","templated":true}]}}