{"id":56,"date":"2016-05-22T17:55:37","date_gmt":"2016-05-22T16:55:37","guid":{"rendered":"http:\/\/192.168.169.76\/?page_id=56"},"modified":"2016-09-18T10:47:17","modified_gmt":"2016-09-18T09:47:17","slug":"inzeniring","status":"publish","type":"page","link":"https:\/\/www.rubikon.si\/index.php\/inzeniring\/","title":{"rendered":"IN\u017dENIRING"},"content":{"rendered":"<p><span style=\"font-family: verdana,geneva; color: #000000;\"><span style=\"font-size: small;\">V sklopu in\u017eeniringa na\u0161im partnerjem ponujamo celovite re\u0161itve, od analize stanja, preko priprave optimalnih re\u0161itev, do kon\u010dne realizacije in vzpostavitve \u017eelenega stanja na podro\u010dju IT. Storitve in\u017eeniringa lahko v grobem razdelimo na \u0161tiri sklope:<\/span><\/span><\/p>\n<ul>\n<li><span style=\"font-size: medium;\"><strong><span style=\"font-family: verdana,geneva; color: #ff9900;\"><a href=\"http:\/\/www.rubikon.si\/index.php\/kominikacije\/\">komunikacije<\/a><\/span><\/strong><\/span><\/li>\n<li><span style=\"font-size: medium;\"><strong><span style=\"font-family: verdana,geneva; color: #ff9900;\"><a href=\"http:\/\/www.rubikon.si\/index.php\/strezniki-in-podatkovna-skladisca\/\">stre\u017eniki in podatkovna skladi\u0161\u010da<\/a><\/span><\/strong><\/span><\/li>\n<li><span style=\"font-size: medium;\"><strong><span style=\"font-family: verdana,geneva; color: #ff9900;\"><a href=\"http:\/\/www.rubikon.si\/index.php\/delovna-mesta\/\">delovna mesta<\/a><\/span><\/strong><\/span><\/li>\n<li><span style=\"font-size: medium;\"><strong><span style=\"font-family: verdana,geneva; color: #ff9900;\"><a href=\"http:\/\/www.rubikon.si\/index.php\/programska-oprema\/\">programska oprema<\/a><\/span><\/strong><\/span><\/li>\n<\/ul>\n<p><span style=\"font-family: verdana,geneva; font-size: small;\"><span style=\"color: #000000;\">Vsi \u0161tirje sklopi se medsebojno prepletajo in \u0161ele ustrezna kombinacija vseh \u0161tirih lahko predstavlja celovito re\u0161itev. Izredno pomemben segment vsakega informacijskega sistema je seveda varnost in zanesljivost. Temu vidiku v vseh \u0161tirih sklopih dajemo \u0161e poseben pomen. Kon\u010dni cilj je vedno visoka varnost in zanesljivost ter \u010dim vi\u0161ja u\u010dinkovitost informacijskega sistema.<\/span><\/span><\/p>\n","protected":false},"excerpt":{"rendered":"<p>V sklopu in\u017eeniringa na\u0161im partnerjem ponujamo celovite re\u0161itve, od analize stanja, preko priprave optimalnih re\u0161itev, do kon\u010dne realizacije in vzpostavitve \u017eelenega stanja [&hellip;]<\/p>\n","protected":false},"author":1,"featured_media":0,"parent":0,"menu_order":0,"comment_status":"closed","ping_status":"closed","template":"","meta":{"footnotes":""},"class_list":["post-56","page","type-page","status-publish","hentry"],"_links":{"self":[{"href":"https:\/\/www.rubikon.si\/index.php\/wp-json\/wp\/v2\/pages\/56","targetHints":{"allow":["GET"]}}],"collection":[{"href":"https:\/\/www.rubikon.si\/index.php\/wp-json\/wp\/v2\/pages"}],"about":[{"href":"https:\/\/www.rubikon.si\/index.php\/wp-json\/wp\/v2\/types\/page"}],"author":[{"embeddable":true,"href":"https:\/\/www.rubikon.si\/index.php\/wp-json\/wp\/v2\/users\/1"}],"replies":[{"embeddable":true,"href":"https:\/\/www.rubikon.si\/index.php\/wp-json\/wp\/v2\/comments?post=56"}],"version-history":[{"count":7,"href":"https:\/\/www.rubikon.si\/index.php\/wp-json\/wp\/v2\/pages\/56\/revisions"}],"predecessor-version":[{"id":122,"href":"https:\/\/www.rubikon.si\/index.php\/wp-json\/wp\/v2\/pages\/56\/revisions\/122"}],"wp:attachment":[{"href":"https:\/\/www.rubikon.si\/index.php\/wp-json\/wp\/v2\/media?parent=56"}],"curies":[{"name":"wp","href":"https:\/\/api.w.org\/{rel}","templated":true}]}}