{"id":59,"date":"2016-05-22T17:56:18","date_gmt":"2016-05-22T16:56:18","guid":{"rendered":"http:\/\/192.168.169.76\/?page_id=59"},"modified":"2016-05-22T18:50:15","modified_gmt":"2016-05-22T17:50:15","slug":"kominikacije","status":"publish","type":"page","link":"https:\/\/www.rubikon.si\/index.php\/kominikacije\/","title":{"rendered":"KOMUNIKACIJE"},"content":{"rendered":"<p><span style=\"font-family: verdana,geneva;\">Za razvoj komunikacij lahko re\u010demo, da je bliskovit. \u010ce smo \u0161e pred nekaj leti govorili o lokalnih mre\u017eah, povezavi v internet in telefoniji kot lo\u010denih segmentih komunikacij, so danes lo\u010dnice med njimi zabrisane in lahko govorimo o t.i. integriranih komunikacijskih servisih. Tu se prepletajo podatkovni tokovi, IP telefonija in mobilne naprave, nadzorni sistemi ter ostale naprave, ki so sestavni del \u017ee skoraj vsakega omre\u017eja.<\/span><\/p>\n<p><span style=\"font-family: verdana,geneva;\">Na podro\u010dju komunikacij vam lahko ponudimo bogate izku\u0161nje in znanja na slede\u010dih podro\u010djih:<\/span><\/p>\n<ul>\n<li><span style=\"font-family: verdana,geneva;\">Na\u010drtovanje izvedba ter priprava dokumentacije za strukturirana o\u017ei\u010denja znotraj podjetja na podro\u010dju povezav z opti\u010dnimi in bakrenimi vodniki ter vso ustrezno pasivno opremo in zaklju\u010ditvami.<\/span><\/li>\n<li><span style=\"font-family: verdana,geneva;\">Priprava logi\u010dne strukture omre\u017eja s pomo\u010djo analize podatkovnih tokov ter implementacija in konfiguracija aktivne opreme, tako \u017ei\u010dne (stikala), kot brez\u017ei\u010dne (WLAN).<\/span><\/li>\n<li><span style=\"font-family: verdana,geneva;\">Konfiguracija navideznih omre\u017eij, s ciljem pove\u010danja varnosti in prepustnosti omre\u017eja ter konfiguracija usmerjevalnikov ter implementacija varnih internetnih povezav oddaljenih lokacij ali posameznikov preko VPN.<\/span><\/li>\n<li><span style=\"font-family: verdana,geneva;\">Nastavitve stre\u017enikov, delovnih postaj in ostale opreme, ki se priklju\u010duje v omre\u017eje ter optimizacija prenosnih poti ter nadzor delovanja posameznih sklopov omre\u017eja.<\/span><\/li>\n<\/ul>\n<p><span style=\"font-family: verdana,geneva;\">Na vseh nivojih vam lahko zagotovimo kvalitetno podporo pri na\u010drtovanju, implementaciji in vzdr\u017eevanju komunikacijske opreme.<\/span><\/p>\n","protected":false},"excerpt":{"rendered":"<p>Za razvoj komunikacij lahko re\u010demo, da je bliskovit. \u010ce smo \u0161e pred nekaj leti govorili o lokalnih mre\u017eah, povezavi v internet in [&hellip;]<\/p>\n","protected":false},"author":1,"featured_media":0,"parent":0,"menu_order":0,"comment_status":"closed","ping_status":"closed","template":"","meta":{"footnotes":""},"class_list":["post-59","page","type-page","status-publish","hentry"],"_links":{"self":[{"href":"https:\/\/www.rubikon.si\/index.php\/wp-json\/wp\/v2\/pages\/59","targetHints":{"allow":["GET"]}}],"collection":[{"href":"https:\/\/www.rubikon.si\/index.php\/wp-json\/wp\/v2\/pages"}],"about":[{"href":"https:\/\/www.rubikon.si\/index.php\/wp-json\/wp\/v2\/types\/page"}],"author":[{"embeddable":true,"href":"https:\/\/www.rubikon.si\/index.php\/wp-json\/wp\/v2\/users\/1"}],"replies":[{"embeddable":true,"href":"https:\/\/www.rubikon.si\/index.php\/wp-json\/wp\/v2\/comments?post=59"}],"version-history":[{"count":2,"href":"https:\/\/www.rubikon.si\/index.php\/wp-json\/wp\/v2\/pages\/59\/revisions"}],"predecessor-version":[{"id":77,"href":"https:\/\/www.rubikon.si\/index.php\/wp-json\/wp\/v2\/pages\/59\/revisions\/77"}],"wp:attachment":[{"href":"https:\/\/www.rubikon.si\/index.php\/wp-json\/wp\/v2\/media?parent=59"}],"curies":[{"name":"wp","href":"https:\/\/api.w.org\/{rel}","templated":true}]}}