{"id":62,"date":"2016-05-22T17:56:57","date_gmt":"2016-05-22T16:56:57","guid":{"rendered":"http:\/\/192.168.169.76\/?page_id=62"},"modified":"2016-05-22T17:56:57","modified_gmt":"2016-05-22T16:56:57","slug":"strezniki-in-podatkovna-skladisca","status":"publish","type":"page","link":"https:\/\/www.rubikon.si\/index.php\/strezniki-in-podatkovna-skladisca\/","title":{"rendered":"Stre\u017eniki in podatkovna skladi\u0161\u010da"},"content":{"rendered":"<p><span style=\"font-family: verdana,geneva;\">Hiter razvoj informacijskih sistemov, vedno ve\u010dje potrebe po dostopu do informacij, izmenjave le teh s poslovnimi partnerji ter nara\u0161\u010dajo\u010d obseg podatkov so trendi, ki zahtevajo vedno ve\u010d aplikacij, ki se selijo na stre\u017enike. Z dodajanjem stre\u017enikov v omre\u017eje se hkrati pove\u010duje kompleksnost, poraba energije, te\u017eave s hlajenjem in napajanjem, hkrati pa isto\u010dasno pada izkori\u0161\u010denost stre\u017eni\u0161kih kapacitet, tako procesnih, kot pomnilni\u0161kih, \u0161e bolj pa diskovnih.<\/span><\/p>\n<p><span style=\"font-family: verdana,geneva;\">Re\u0161itve, ki vam jih lahko ponudimo gredo najprej v smeri konsolidacije v obliki diskovnih polj ter stre\u017eni\u0161kih ohi\u0161ij, v katere lahko vgradimo ve\u010dje \u0161tevilo samostojnih stre\u017enikov (stre\u017eni\u0161kih rezin), hkrati pa zagotavljajo vso potrebno infrastrukturo, od napajanja in hlajenja pa do komunikacije z omre\u017ejem in diskovnimi polji. Dodatno se lahko u\u010dinkovitost ter izkori\u0161\u010denost stre\u017eni\u0161kih kapacitet pove\u010da z virtualizacijo stre\u017enikov in diskovnih polj.<\/span><\/p>\n<p><span style=\"font-family: verdana,geneva;\">Na podro\u010dju stre\u017enikov vam lahko ponudimo bogate izku\u0161nje in znanja na slede\u010dih podro\u010djih:<\/span><\/p>\n<ul>\n<li><span style=\"font-family: verdana,geneva;\">Analiza stanja in dolgoro\u010dni na\u010drt razvoja stre\u017eni\u0161ke infrastrukture v podjetju, glede na programsko opremo, koli\u010dino podatkov in pri\u010dakovanja v zvezi z informacijsko podporo poslovanju.<\/span><\/li>\n<li><span style=\"font-family: verdana,geneva;\">Priprava alternativnih konfiguracij in svetovanje o prednostih in pomanjljivostih posmeznih razli\u010dic. <\/span><\/li>\n<li><span style=\"font-family: verdana,geneva;\">Svetovanje pri izbiri ustrezne sistemske programske opreme ter programskega podpornega okolja dostopa do skupnih podatkov, skupinskega na\u010drtovanja, komunikacije, koledarjev,&#8230;<\/span><\/li>\n<li><span style=\"font-family: verdana,geneva;\">Na\u010drtovanje in implementacija varnostnih mehanizmov in protokolov avtoriziranega dostopa do razli\u010dnih ravni podatkov in informacij v okviru informacijskih sistemov.<\/span><\/li>\n<li><span style=\"font-family: verdana,geneva;\">Dobava in konfiguracija strojne opreme ter instalacija in konfiguracija programske opreme za stre\u017eni\u0161ka okolja Microsoft in Linux.<\/span><\/li>\n<\/ul>\n","protected":false},"excerpt":{"rendered":"<p>Hiter razvoj informacijskih sistemov, vedno ve\u010dje potrebe po dostopu do informacij, izmenjave le teh s poslovnimi partnerji ter nara\u0161\u010dajo\u010d obseg podatkov so [&hellip;]<\/p>\n","protected":false},"author":1,"featured_media":0,"parent":0,"menu_order":0,"comment_status":"closed","ping_status":"closed","template":"","meta":{"footnotes":""},"class_list":["post-62","page","type-page","status-publish","hentry"],"_links":{"self":[{"href":"https:\/\/www.rubikon.si\/index.php\/wp-json\/wp\/v2\/pages\/62","targetHints":{"allow":["GET"]}}],"collection":[{"href":"https:\/\/www.rubikon.si\/index.php\/wp-json\/wp\/v2\/pages"}],"about":[{"href":"https:\/\/www.rubikon.si\/index.php\/wp-json\/wp\/v2\/types\/page"}],"author":[{"embeddable":true,"href":"https:\/\/www.rubikon.si\/index.php\/wp-json\/wp\/v2\/users\/1"}],"replies":[{"embeddable":true,"href":"https:\/\/www.rubikon.si\/index.php\/wp-json\/wp\/v2\/comments?post=62"}],"version-history":[{"count":1,"href":"https:\/\/www.rubikon.si\/index.php\/wp-json\/wp\/v2\/pages\/62\/revisions"}],"predecessor-version":[{"id":64,"href":"https:\/\/www.rubikon.si\/index.php\/wp-json\/wp\/v2\/pages\/62\/revisions\/64"}],"wp:attachment":[{"href":"https:\/\/www.rubikon.si\/index.php\/wp-json\/wp\/v2\/media?parent=62"}],"curies":[{"name":"wp","href":"https:\/\/api.w.org\/{rel}","templated":true}]}}