{"id":65,"date":"2016-05-22T17:57:44","date_gmt":"2016-05-22T16:57:44","guid":{"rendered":"http:\/\/192.168.169.76\/?page_id=65"},"modified":"2016-05-22T17:57:44","modified_gmt":"2016-05-22T16:57:44","slug":"delovna-mesta","status":"publish","type":"page","link":"https:\/\/www.rubikon.si\/index.php\/delovna-mesta\/","title":{"rendered":"DELOVNA MESTA"},"content":{"rendered":"<p><span style=\"font-family: verdana,geneva;\">Tudi okolje delovnega mesta postaja v sodobnem svetu vedno bolj dinami\u010dno. Vedno ve\u010d, je delovnh mest, ki niso vezana na posamezno fizi\u010dno lokacijo, temve\u010d zahtevajo delo od doma, na slu\u017ebeni poti, dosegljivost na dopustu, &#8230; Temu primerno nara\u0161\u010da tudi \u0161tevilo razli\u010dnih naprav, ki jih zaposleni uporabljajo pri vsakdanjem delu. Poleg klasi\u010dnih namiznih ra\u010dunalnikov in prenosnikov, so vse pogostej\u0161i tudi v poslovnem okolju tabli\u010dni ra\u010dunalniki in pametni telefoni. <\/span><\/p>\n<p><span style=\"font-family: verdana,geneva;\">Vse naprav, ki jih zaposleni uporablja, morajo biti med seboj usklajene, podatki sinhronizirani in dosegljivi s katere koli naprave. V sklop opreme za delovna mesta pa spadajo \u0161e periferne naprave, kot so tiskalniki, skenerji,&#8230; Te naprave so obi\u010dajno v skupni rabi, zato je zelo pomembno ustrezno na\u010drtovanje \u0161tevila in zmogljivosti posameznih naprav, da s tem \u010dim bolj zni\u017eamo stro\u0161ke, hkrati pa ne zmanj\u0161amo u\u010dinkovitosti poslovnega procesa.<\/span><\/p>\n<p><span style=\"font-family: verdana,geneva;\">Na nivoju delovnega mesta vam lahko pomagamo dosegati ve\u010djo u\u010dinkovitost s slede\u010dimi storitvami:<\/span><\/p>\n<ul>\n<li><span style=\"font-family: verdana,geneva;\">Analiza delovnega mesta in dolo\u010ditev potrebne strojne in programske opreme za u\u010dinkovito delo.<\/span><\/li>\n<li><span style=\"font-family: verdana,geneva;\">Dobava in instalacija ustrezne strojne in programske opreme ter integracija v informacijski sistem.<\/span><\/li>\n<li><span style=\"font-family: verdana,geneva;\">Optimizacija \u0161tevila in potrebne zmogljivosti perifernih naprav glede na potrebe poslovnega procesa.<\/span><\/li>\n<li><span style=\"font-family: verdana,geneva;\">Na\u010drtovanje in implementacija varnostnih mehanizmov, za\u0161\u010dite ter varnih komunikacijskih poti za naprave na delovnem mestu, ne glede na to, preko katerega komunikacijskega kanala dostopa do podatkov in aplikacij.<\/span><\/li>\n<\/ul>\n","protected":false},"excerpt":{"rendered":"<p>Tudi okolje delovnega mesta postaja v sodobnem svetu vedno bolj dinami\u010dno. Vedno ve\u010d, je delovnh mest, ki niso vezana na posamezno fizi\u010dno [&hellip;]<\/p>\n","protected":false},"author":1,"featured_media":0,"parent":0,"menu_order":0,"comment_status":"closed","ping_status":"closed","template":"","meta":{"footnotes":""},"class_list":["post-65","page","type-page","status-publish","hentry"],"_links":{"self":[{"href":"https:\/\/www.rubikon.si\/index.php\/wp-json\/wp\/v2\/pages\/65","targetHints":{"allow":["GET"]}}],"collection":[{"href":"https:\/\/www.rubikon.si\/index.php\/wp-json\/wp\/v2\/pages"}],"about":[{"href":"https:\/\/www.rubikon.si\/index.php\/wp-json\/wp\/v2\/types\/page"}],"author":[{"embeddable":true,"href":"https:\/\/www.rubikon.si\/index.php\/wp-json\/wp\/v2\/users\/1"}],"replies":[{"embeddable":true,"href":"https:\/\/www.rubikon.si\/index.php\/wp-json\/wp\/v2\/comments?post=65"}],"version-history":[{"count":1,"href":"https:\/\/www.rubikon.si\/index.php\/wp-json\/wp\/v2\/pages\/65\/revisions"}],"predecessor-version":[{"id":67,"href":"https:\/\/www.rubikon.si\/index.php\/wp-json\/wp\/v2\/pages\/65\/revisions\/67"}],"wp:attachment":[{"href":"https:\/\/www.rubikon.si\/index.php\/wp-json\/wp\/v2\/media?parent=65"}],"curies":[{"name":"wp","href":"https:\/\/api.w.org\/{rel}","templated":true}]}}