{"id":68,"date":"2016-05-22T17:58:22","date_gmt":"2016-05-22T16:58:22","guid":{"rendered":"http:\/\/192.168.169.76\/?page_id=68"},"modified":"2016-05-22T17:58:22","modified_gmt":"2016-05-22T16:58:22","slug":"programska-oprema-2","status":"publish","type":"page","link":"https:\/\/www.rubikon.si\/index.php\/programska-oprema-2\/","title":{"rendered":"PROGRAMSKA OPREMA"},"content":{"rendered":"<p><span style=\"font-family: verdana,geneva;\">Komplekstnost poslovnih procesov in organizacije podjetja ali ustanove dolo\u010da kompleksnost programskih re\u0161itev informacijskega sistema podjetja. Osrednje mesto obi\u010dajno pripada ERP programski re\u0161itvi, ki kar najbolj optimalno poskrbi za spremljanje poslovnih procesov. Poleg tega je vedno ve\u010d potreb tudi po spremljajo\u010dih informacijskih storitvah. Poleg \u017ee standardnih aplikacij za pripravo dopisov, kalkulacij, predstavitev, elektronske po\u0161te in koledarjev, so tu \u0161e aplikacije za varnost, za\u0161\u010dito pred virusi, nadzor stre\u017enikov in komunikacijske opreme. Vedno ve\u010d pa je tudi zahtev po naprednej\u0161ih komunikacijskih re\u0161itvah, delu na daljavo, stiku s socialnimi omre\u017eji,&#8230;<\/span><\/p>\n<p><span style=\"font-family: verdana,geneva;\">Na\u0161i strokovnjaki vam svetujejo pri izbiri ustreznih programskih re\u0161itev ter pomagajo pri implementaciji in integraciji programskih re\u0161itev v informacijski sistem. Ponudimo vam lahko\u00a0 pester izbor sistemske programske opreme, programske opreme za nadzor, varovanje in za\u0161\u010dito pred virusi ter dodatnih aplikacij, ki jih potrebujete za uspe\u0161no delo.<\/span><\/p>\n<p><span style=\"font-family: verdana,geneva;\">Programska oprema s katero vam zagotovimo pomo\u010d pri optimizaciji va\u0161ega poslovanja:<\/span><\/p>\n<ul>\n<li><span style=\"font-family: verdana,geneva;\">Sistemska programska oprema za stre\u017enike in delovne postaje Microsoft in Linux.<\/span><\/li>\n<li><span style=\"font-family: verdana,geneva;\">Aplikacijski stre\u017eniki SQL, po\u0161tni stre\u017eniki, web stre\u017eniki, SharePoint,&#8230;<\/span><\/li>\n<li><span style=\"font-family: verdana,geneva;\">Protivirusna za\u0161\u010dita za stre\u017enike in delovne postaje ter za\u0161\u010dita pred ne\u017eeljeno po\u0161to.<\/span><\/li>\n<li><span style=\"font-family: verdana,geneva;\">Nadzor dostopa in za\u0161\u010dita omre\u017eja pred vdori.<\/span><\/li>\n<li><span style=\"font-family: verdana,geneva;\">Nadzor delovanja stre\u017enikov in komunikacijske opreme.<\/span><\/li>\n<li><span style=\"font-family: verdana,geneva;\">Programska oprema za pisarni\u0161ko poslovanje, vodenje projektov in komunikacijo.<\/span><\/li>\n<li><span style=\"font-family: verdana,geneva;\">Specialni programski paketi za CAD in DTP.<\/span><\/li>\n<\/ul>\n","protected":false},"excerpt":{"rendered":"<p>Komplekstnost poslovnih procesov in organizacije podjetja ali ustanove dolo\u010da kompleksnost programskih re\u0161itev informacijskega sistema podjetja. Osrednje mesto obi\u010dajno pripada ERP programski re\u0161itvi, [&hellip;]<\/p>\n","protected":false},"author":1,"featured_media":0,"parent":0,"menu_order":0,"comment_status":"closed","ping_status":"closed","template":"","meta":{"footnotes":""},"class_list":["post-68","page","type-page","status-publish","hentry"],"_links":{"self":[{"href":"https:\/\/www.rubikon.si\/index.php\/wp-json\/wp\/v2\/pages\/68","targetHints":{"allow":["GET"]}}],"collection":[{"href":"https:\/\/www.rubikon.si\/index.php\/wp-json\/wp\/v2\/pages"}],"about":[{"href":"https:\/\/www.rubikon.si\/index.php\/wp-json\/wp\/v2\/types\/page"}],"author":[{"embeddable":true,"href":"https:\/\/www.rubikon.si\/index.php\/wp-json\/wp\/v2\/users\/1"}],"replies":[{"embeddable":true,"href":"https:\/\/www.rubikon.si\/index.php\/wp-json\/wp\/v2\/comments?post=68"}],"version-history":[{"count":1,"href":"https:\/\/www.rubikon.si\/index.php\/wp-json\/wp\/v2\/pages\/68\/revisions"}],"predecessor-version":[{"id":70,"href":"https:\/\/www.rubikon.si\/index.php\/wp-json\/wp\/v2\/pages\/68\/revisions\/70"}],"wp:attachment":[{"href":"https:\/\/www.rubikon.si\/index.php\/wp-json\/wp\/v2\/media?parent=68"}],"curies":[{"name":"wp","href":"https:\/\/api.w.org\/{rel}","templated":true}]}}