{"id":71,"date":"2016-05-22T17:59:01","date_gmt":"2016-05-22T16:59:01","guid":{"rendered":"http:\/\/192.168.169.76\/?page_id=71"},"modified":"2016-05-22T17:59:01","modified_gmt":"2016-05-22T16:59:01","slug":"vzdrzevanje","status":"publish","type":"page","link":"https:\/\/www.rubikon.si\/index.php\/vzdrzevanje\/","title":{"rendered":"VZDR\u017dEVANJE"},"content":{"rendered":"<p><span style=\"font-family: verdana,geneva;\">Stalna razpolo\u017eljivost in visoka zanesljivost delovanja sta bistvenega pomena za vsak informacijski sistem. Le redno vzdr\u017eevanje in posodabljanje ter pravo\u010dasno odkrivanje napak in pomanjkljivosti sistema, zagotavlja brezhibno delovanje in optimalne zmogljivosti informacijskega sistema.<\/span><\/p>\n<p><span style=\"font-family: verdana,geneva;\">Pogodbenim partnerjem zagotavljamo redno vzdr\u017eevanje stre\u017enikov, sistemske programske opreme, komunikacijske opreme in ostale strojne in sistemske programske opreme, ki je instalirana na delovnih mestih. Vsi naro\u010dniki so upravi\u010deni do brezpla\u010dne telefonske pomo\u010di in svetovanja. Za vzdr\u017eevano opremo zagotavljamo odzivne \u010dase od dveh ur, mese\u010dne preglede in optimizacijo klju\u010dne opreme ter sistemske nadgradnje in posodobitve.<\/span><\/p>\n<p><span style=\"font-family: verdana,geneva;\">Pogodbenim partnerjem zagotavljamo redno vzdr\u017eevanje, ki obsega:<\/span><\/p>\n<ul>\n<li><span style=\"font-family: verdana,geneva;\">Zagotavljanje odzivnih \u010dasov od dveh ur dalje ter mo\u017enost prilagajanja razpolo\u017eljivosti glede na potrebe.<\/span><\/li>\n<li><span style=\"font-family: verdana,geneva;\">Brezpla\u010dno telefonsko pomo\u010d in svetovanje.<\/span><\/li>\n<li><span style=\"font-family: verdana,geneva;\">Mese\u010dni pregled in optimizacijo stre\u017enikov in ostale klju\u010dne opreme.<\/span><\/li>\n<li><span style=\"font-family: verdana,geneva;\">Periodi\u010dne preglede komunikacijske opreme.<\/span><\/li>\n<li><span style=\"font-family: verdana,geneva;\">Sistemske nadgradnje in posodobitve.<\/span><\/li>\n<li><span style=\"font-family: verdana,geneva;\">Arhiviranje klju\u010dnih podatkov na oddaljeno lokacijo.<\/span><\/li>\n<li><span style=\"font-family: verdana,geneva;\">Servis in nastavitve opreme delovnih mest.<\/span><\/li>\n<\/ul>\n","protected":false},"excerpt":{"rendered":"<p>Stalna razpolo\u017eljivost in visoka zanesljivost delovanja sta bistvenega pomena za vsak informacijski sistem. Le redno vzdr\u017eevanje in posodabljanje ter pravo\u010dasno odkrivanje napak [&hellip;]<\/p>\n","protected":false},"author":1,"featured_media":0,"parent":0,"menu_order":0,"comment_status":"closed","ping_status":"closed","template":"","meta":{"footnotes":""},"class_list":["post-71","page","type-page","status-publish","hentry"],"_links":{"self":[{"href":"https:\/\/www.rubikon.si\/index.php\/wp-json\/wp\/v2\/pages\/71","targetHints":{"allow":["GET"]}}],"collection":[{"href":"https:\/\/www.rubikon.si\/index.php\/wp-json\/wp\/v2\/pages"}],"about":[{"href":"https:\/\/www.rubikon.si\/index.php\/wp-json\/wp\/v2\/types\/page"}],"author":[{"embeddable":true,"href":"https:\/\/www.rubikon.si\/index.php\/wp-json\/wp\/v2\/users\/1"}],"replies":[{"embeddable":true,"href":"https:\/\/www.rubikon.si\/index.php\/wp-json\/wp\/v2\/comments?post=71"}],"version-history":[{"count":1,"href":"https:\/\/www.rubikon.si\/index.php\/wp-json\/wp\/v2\/pages\/71\/revisions"}],"predecessor-version":[{"id":73,"href":"https:\/\/www.rubikon.si\/index.php\/wp-json\/wp\/v2\/pages\/71\/revisions\/73"}],"wp:attachment":[{"href":"https:\/\/www.rubikon.si\/index.php\/wp-json\/wp\/v2\/media?parent=71"}],"curies":[{"name":"wp","href":"https:\/\/api.w.org\/{rel}","templated":true}]}}