{"id":74,"date":"2016-05-22T17:59:53","date_gmt":"2016-05-22T16:59:53","guid":{"rendered":"http:\/\/192.168.169.76\/?page_id=74"},"modified":"2018-03-13T13:44:52","modified_gmt":"2018-03-13T12:44:52","slug":"servis","status":"publish","type":"page","link":"https:\/\/www.rubikon.si\/index.php\/servis\/","title":{"rendered":"SERVIS"},"content":{"rendered":"<p>&nbsp;<\/p>\n<p>&nbsp;<\/p>\n<p>Izvajamo kvaliteten servis osebnih ra\u010dunalnikov, tiskalnikov in ostale ra\u010dunalni\u0161ke opreme po konkuren\u010dnih cenah.<\/p>\n<p>&nbsp;<\/p>\n<p>Mo\u017eno je skleniti servisno pogodbo, ki definira \u010dasovno odzivnost servisnih storitev\u00a0(stre\u017eniki, osebni ra\u010dunalniki, mre\u017ena oprema)\u00a0in redna mese\u010dna dela na opremi partnerja. V storitvi je vklju\u010dena telefonska pomo\u010d pri re\u0161evanju manj\u0161ih napak in storitev svetovanja pri projektiranju ali obnovi ra\u010dunalni\u0161kega sistema.<\/p>\n<p>&nbsp;<\/p>\n","protected":false},"excerpt":{"rendered":"<p>&nbsp; &nbsp; Izvajamo kvaliteten servis osebnih ra\u010dunalnikov, tiskalnikov in ostale ra\u010dunalni\u0161ke opreme po konkuren\u010dnih cenah. &nbsp; Mo\u017eno je skleniti servisno pogodbo, ki [&hellip;]<\/p>\n","protected":false},"author":1,"featured_media":0,"parent":0,"menu_order":0,"comment_status":"closed","ping_status":"closed","template":"","meta":{"footnotes":""},"class_list":["post-74","page","type-page","status-publish","hentry"],"_links":{"self":[{"href":"https:\/\/www.rubikon.si\/index.php\/wp-json\/wp\/v2\/pages\/74","targetHints":{"allow":["GET"]}}],"collection":[{"href":"https:\/\/www.rubikon.si\/index.php\/wp-json\/wp\/v2\/pages"}],"about":[{"href":"https:\/\/www.rubikon.si\/index.php\/wp-json\/wp\/v2\/types\/page"}],"author":[{"embeddable":true,"href":"https:\/\/www.rubikon.si\/index.php\/wp-json\/wp\/v2\/users\/1"}],"replies":[{"embeddable":true,"href":"https:\/\/www.rubikon.si\/index.php\/wp-json\/wp\/v2\/comments?post=74"}],"version-history":[{"count":2,"href":"https:\/\/www.rubikon.si\/index.php\/wp-json\/wp\/v2\/pages\/74\/revisions"}],"predecessor-version":[{"id":186,"href":"https:\/\/www.rubikon.si\/index.php\/wp-json\/wp\/v2\/pages\/74\/revisions\/186"}],"wp:attachment":[{"href":"https:\/\/www.rubikon.si\/index.php\/wp-json\/wp\/v2\/media?parent=74"}],"curies":[{"name":"wp","href":"https:\/\/api.w.org\/{rel}","templated":true}]}}