{"id":99,"date":"2016-05-29T17:36:50","date_gmt":"2016-05-29T16:36:50","guid":{"rendered":"http:\/\/192.168.169.41\/wordpress\/?page_id=99"},"modified":"2016-09-18T10:40:07","modified_gmt":"2016-09-18T09:40:07","slug":"izkaznica-2","status":"publish","type":"page","link":"https:\/\/www.rubikon.si\/index.php\/izkaznica-2\/","title":{"rendered":"Izkaznica"},"content":{"rendered":"<table class=\"mceItemTable\" border=\"0\" width=\"470\" cellspacing=\"0\" cellpadding=\"0\">\n<tbody>\n<tr>\n<td width=\"149\">Polno ime:<\/td>\n<td width=\"321\"><strong>Rubikon, informacijski in\u017eeniring d.o.o.<\/strong><\/td>\n<\/tr>\n<tr>\n<td width=\"149\">Skraj\u0161ano ime:<\/td>\n<td width=\"321\"><strong>Rubikon d.o.o<\/strong><\/td>\n<\/tr>\n<tr>\n<td width=\"149\">Naslov:<\/td>\n<td width=\"321\"><strong>Tr\u017ea\u0161ka cesta 24, 6230 Postojna<\/strong><\/td>\n<\/tr>\n<tr>\n<td width=\"149\">Tel:<\/td>\n<td width=\"321\"><strong>05 726 56 60<\/strong><\/td>\n<\/tr>\n<tr>\n<td width=\"149\">Fax:<\/td>\n<td width=\"321\"><strong>05 726 56 60<\/strong><\/td>\n<\/tr>\n<tr>\n<td width=\"149\">e-mail:<\/td>\n<td width=\"321\"><a href=\"mailto:info@rubikon.si\">info@<\/a>rubikon.si<\/td>\n<\/tr>\n<tr>\n<td width=\"149\">Mati\u010dna \u0161tevilka:<\/td>\n<td width=\"321\">5295297<\/td>\n<\/tr>\n<tr>\n<td width=\"149\">ID za DDV:<\/td>\n<td width=\"321\">SI93508638<\/td>\n<\/tr>\n<tr>\n<td width=\"149\">Transakcijski ra\u010dun:<\/td>\n<td width=\"321\">1010 0002 9013 180<\/td>\n<\/tr>\n<tr>\n<td width=\"149\">Banka:<\/td>\n<td width=\"321\">Banka Koper d.d.<\/td>\n<\/tr>\n<tr>\n<td width=\"149\">Registracija:<\/td>\n<td width=\"321\">Temeljno sodi\u0161\u010du v Kopru<\/td>\n<\/tr>\n<tr>\n<td width=\"149\">Ustanovitev:<\/td>\n<td width=\"321\">November 1989<\/td>\n<\/tr>\n<tr>\n<td width=\"149\">\u0160t.reg.vpisa:<\/td>\n<td width=\"321\">SRG 1999\/02998<\/td>\n<\/tr>\n<tr>\n<td width=\"149\">Osnovni kapital:<\/td>\n<td width=\"321\">9.702,00 EUR<\/td>\n<\/tr>\n<tr>\n<td width=\"149\">Direktor:<\/td>\n<td width=\"321\">Damijan Pav\u010di\u010d<\/td>\n<\/tr>\n<tr>\n<td width=\"149\">Teh. Dir. :<\/td>\n<td width=\"321\">Danilo Martin\u010di\u010d<\/td>\n<\/tr>\n<\/tbody>\n<\/table>\n","protected":false},"excerpt":{"rendered":"<p>Polno ime: Rubikon, informacijski in\u017eeniring d.o.o. Skraj\u0161ano ime: Rubikon d.o.o Naslov: Tr\u017ea\u0161ka cesta 24, 6230 Postojna Tel: 05 726 56 60 Fax: [&hellip;]<\/p>\n","protected":false},"author":1,"featured_media":0,"parent":0,"menu_order":0,"comment_status":"closed","ping_status":"closed","template":"","meta":{"footnotes":""},"class_list":["post-99","page","type-page","status-publish","hentry"],"_links":{"self":[{"href":"https:\/\/www.rubikon.si\/index.php\/wp-json\/wp\/v2\/pages\/99","targetHints":{"allow":["GET"]}}],"collection":[{"href":"https:\/\/www.rubikon.si\/index.php\/wp-json\/wp\/v2\/pages"}],"about":[{"href":"https:\/\/www.rubikon.si\/index.php\/wp-json\/wp\/v2\/types\/page"}],"author":[{"embeddable":true,"href":"https:\/\/www.rubikon.si\/index.php\/wp-json\/wp\/v2\/users\/1"}],"replies":[{"embeddable":true,"href":"https:\/\/www.rubikon.si\/index.php\/wp-json\/wp\/v2\/comments?post=99"}],"version-history":[{"count":3,"href":"https:\/\/www.rubikon.si\/index.php\/wp-json\/wp\/v2\/pages\/99\/revisions"}],"predecessor-version":[{"id":118,"href":"https:\/\/www.rubikon.si\/index.php\/wp-json\/wp\/v2\/pages\/99\/revisions\/118"}],"wp:attachment":[{"href":"https:\/\/www.rubikon.si\/index.php\/wp-json\/wp\/v2\/media?parent=99"}],"curies":[{"name":"wp","href":"https:\/\/api.w.org\/{rel}","templated":true}]}}